{"id":1250,"date":"2022-05-23T07:34:08","date_gmt":"2022-05-23T07:34:08","guid":{"rendered":"https:\/\/echea.eu\/accede-al-area-privada\/"},"modified":"2026-01-26T16:25:00","modified_gmt":"2026-01-26T16:25:00","slug":"accede-al-area-privada","status":"publish","type":"page","link":"https:\/\/echea.eu\/eu\/accede-al-area-privada\/","title":{"rendered":"EREMU PRIBATUA\u00a0"},"content":{"rendered":"\n<div class=\"wp-block-columns is-layout-flex wp-container-core-columns-is-layout-9d6595d7 wp-block-columns-is-layout-flex\">\n<div class=\"wp-block-column is-layout-flow wp-block-column-is-layout-flow\">\n<h5 class=\"wp-block-heading\">EREMU PRIBATUA<\/h5>\n\n\n<div class=\"tml tml-login\">\n<div class=\"tml-alerts\"><\/div><form name=\"login\" action=\"https:\/\/echea.eu\/eu\/accede-al-area-privada\/\" method=\"post\">\n<div class=\"form-group\">\n<label class=\"tml-label\" for=\"user_login\">Email<\/label>\n<input name=\"log\" type=\"text\" value=\"\" id=\"user_login\" autocapitalize=\"off\" class=\"tml-field form-control\">\n<\/div>\n\n<div class=\"form-group\">\n<label class=\"tml-label\" for=\"user_pass\">Pasahitza<\/label>\n<input name=\"pwd\" type=\"password\" value=\"\" id=\"user_pass\" class=\"tml-field form-control\">\n<\/div>\n\n\n<div class=\"form-group\">\n<input name=\"rememberme\" type=\"checkbox\" value=\"forever\" id=\"rememberme\" class=\"tml-checkbox\">\n<label class=\"tml-label\" for=\"rememberme\">Remember Me<\/label>\n<\/div>\n\n<div class=\"form-group\">\n<button name=\"submit\" type=\"submit\" class=\"tml-button form-control\">Log In<\/button>\n<\/div>\n\n<input name=\"redirect_to\" type=\"hidden\" value=\"https:\/\/echea.eu\/wp-admin\/\">\n\n<\/form>\n<ul class=\"tml-links\"><li class=\"tml-lostpassword-link\"><a href=\"https:\/\/echea.eu\/eu\/lostpassword\/\">Pasahitza galdu duzu? <\/a><\/li><\/ul><\/div>\n\n<\/div>\n\n\n\n<div class=\"wp-block-column is-layout-flow wp-block-column-is-layout-flow\">\n<h5 class=\"wp-block-heading\">Zergatik eremu pribatu bat<strong>&nbsp;<\/strong><\/h5>\n\n\n\n<p>Gure bezeroen pribatutasuna babesten dugu salmentak modu pribatuan kudeatuz; horregatik, salgai ditugun propietateak ez ditugu modu irekian argitaratzen.<\/p>\n\n\n\n<h5 class=\"wp-block-heading\">Nola sartu eremu pribatuan&nbsp;<\/h5>\n\n\n\n<p>Espazio berezi bat eskuratzeko interesa baldin baduzu, konta iezaguzu zer ari zaren bilatzen, eta guk ahal dugun guztia egingo dugu zure igurikimenak gaindituko dituen higiezin bat eskaintzeko.&nbsp; <\/p>\n\n\n\n<p>Bete <a data-type=\"internal\" data-id=\"#form\" href=\"#form\">formulario<\/a> hau, idatz iezaguzu\u00a0 <a href=\"mailto:info@echea.eu\" target=\"_blank\" rel=\"noreferrer noopener\">info@echea.eu<\/a> helbidera edo deitu 629 718 118 zenbakira.<\/p>\n<\/div>\n<\/div>\n\n\n\n<div class=\"wp-block-contact-form-7-contact-form-selector floatform hidden\">\n<div class=\"wpcf7 no-js\" id=\"wpcf7-f30-o1\" lang=\"es-ES\" dir=\"ltr\" data-wpcf7-id=\"30\">\n<div class=\"screen-reader-response\"><p role=\"status\" aria-live=\"polite\" aria-atomic=\"true\"><\/p> <ul><\/ul><\/div>\n<form action=\"\/eu\/wp-json\/wp\/v2\/pages\/1250#wpcf7-f30-o1\" method=\"post\" class=\"wpcf7-form init\" aria-label=\"Contact form\" novalidate=\"novalidate\" data-status=\"init\">\n<div style=\"display: none;\">\n<input type=\"hidden\" name=\"_wpcf7\" value=\"30\" \/>\n<input type=\"hidden\" name=\"_wpcf7_version\" value=\"6.0.3\" \/>\n<input type=\"hidden\" name=\"_wpcf7_locale\" value=\"es_ES\" \/>\n<input type=\"hidden\" name=\"_wpcf7_unit_tag\" value=\"wpcf7-f30-o1\" \/>\n<input type=\"hidden\" name=\"_wpcf7_container_post\" value=\"0\" \/>\n<input type=\"hidden\" name=\"_wpcf7_posted_data_hash\" value=\"\" \/>\n<\/div>\n<div class=\"form\">\n\t<p><a href=\"\" class=\"closeform\"><i class=\"bi bi-x\"><\/i><\/a>\n\t<\/p>\n\t<h2 class=\"text-center\">COMPRA CON ECHEA\n\t<\/h2>\n\t<div class=\"container-fluid\">\n\t\t<div class=\"row\">\n\t\t\t<div class=\"col-lg-6\">\n\t\t\t\t<p><span class=\"wpcf7-form-control-wrap\" data-name=\"nombre\"><input size=\"40\" maxlength=\"400\" class=\"wpcf7-form-control wpcf7-text wpcf7-validates-as-required\" aria-required=\"true\" aria-invalid=\"false\" placeholder=\"Nombre\" value=\"\" type=\"text\" name=\"nombre\" \/><\/span>\n\t\t\t\t<\/p>\n\t\t\t<\/div>\n\t\t\t<div class=\"col-lg-6\">\n\t\t\t\t<p><span class=\"wpcf7-form-control-wrap\" data-name=\"apellidos\"><input size=\"40\" maxlength=\"400\" class=\"wpcf7-form-control wpcf7-text\" aria-invalid=\"false\" placeholder=\"Apellidos\" value=\"\" type=\"text\" name=\"apellidos\" \/><\/span>\n\t\t\t\t<\/p>\n\t\t\t<\/div>\n\t\t\t<div class=\"col-lg-6\">\n\t\t\t\t<p><span class=\"wpcf7-form-control-wrap\" data-name=\"email\"><input size=\"40\" maxlength=\"400\" class=\"wpcf7-form-control wpcf7-email wpcf7-validates-as-required wpcf7-text wpcf7-validates-as-email\" aria-required=\"true\" aria-invalid=\"false\" placeholder=\"Email\" value=\"\" type=\"email\" name=\"email\" \/><\/span>\n\t\t\t\t<\/p>\n\t\t\t<\/div>\n\t\t\t<div class=\"col-lg-6\">\n\t\t\t\t<p><span class=\"wpcf7-form-control-wrap\" data-name=\"phone\"><input size=\"40\" maxlength=\"400\" class=\"wpcf7-form-control wpcf7-text\" aria-invalid=\"false\" placeholder=\"Tel\u00e9fono\" value=\"\" type=\"text\" name=\"phone\" \/><\/span>\n\t\t\t\t<\/p>\n\t\t\t<\/div>\n\t\t\t<div class=\"col-lg-12\">\n\t\t\t\t<p><label>Mensaje<br \/>\n<span class=\"wpcf7-form-control-wrap\" data-name=\"message\"><textarea cols=\"40\" rows=\"10\" maxlength=\"2000\" class=\"wpcf7-form-control wpcf7-textarea\" aria-invalid=\"false\" placeholder=\"Cu\u00e9ntanos qu\u00e9 est\u00e1s buscando, estaremos encantados de poder estudiar tu caso personalmente y\nofrecerte un inmueble a la altura de tus expectativas.\" name=\"message\"><\/textarea><\/span> <\/label>\n\t\t\t\t<\/p>\n\t\t\t<\/div>\n\t\t<\/div>\n\t<\/div>\n\t<div class=\"container-fluid\">\n\t\t<div class=\"row\">\n\t\t\t<div class=\"col-lg-6\">\n\t\t\t\t<p><span class=\"wpcf7-form-control-wrap\" data-name=\"newsletter\"><span class=\"wpcf7-form-control wpcf7-acceptance optional\"><span class=\"wpcf7-list-item\"><label><input type=\"checkbox\" name=\"newsletter\" value=\"1\" aria-invalid=\"false\" \/><span class=\"wpcf7-list-item-label\">Me gustar\u00eda suscribirme a la newsletter\npara recibir contenido exclusivo<\/span><\/label><\/span><\/span><\/span>\n\t\t\t\t<\/p>\n\t\t\t<\/div>\n\t\t\t<div class=\"col-lg-6\">\n\t\t\t\t<p><span class=\"wpcf7-form-control-wrap\" data-name=\"privacy\"><span class=\"wpcf7-form-control wpcf7-acceptance\"><span class=\"wpcf7-list-item\"><label><input type=\"checkbox\" name=\"privacy\" value=\"1\" aria-invalid=\"false\" \/><span class=\"wpcf7-list-item-label\">Acepto los t\u00e9rminos y condiciones\ny la pol\u00edtica de privacidad y cookies<\/span><\/label><\/span><\/span><\/span>\n\t\t\t\t<\/p>\n\t\t\t<\/div>\n\t\t<\/div>\n\t<\/div>\n\t<div class=\"text-center\">\n\t\t<p><input class=\"wpcf7-form-control wpcf7-submit has-spinner\" type=\"submit\" value=\"Enviar\" \/>\n\t\t<\/p>\n\t<\/div>\n<\/div><div class=\"wpcf7-response-output\" aria-hidden=\"true\"><\/div>\n<\/form>\n<\/div>\n<\/div>\n","protected":false},"excerpt":{"rendered":"<p>EREMU PRIBATUA Zergatik eremu pribatu bat&nbsp; Gure bezeroen pribatutasuna babesten dugu salmentak modu pribatuan kudeatuz; horregatik, salgai ditugun propietateak ez ditugu modu irekian argitaratzen. Nola sartu eremu pribatuan&nbsp; Espazio berezi bat eskuratzeko interesa baldin baduzu, konta iezaguzu zer ari zaren bilatzen, eta guk ahal dugun guztia egingo dugu zure igurikimenak gaindituko dituen higiezin bat eskaintzeko.&nbsp; [&hellip;]<\/p>\n","protected":false},"author":1,"featured_media":0,"parent":0,"menu_order":0,"comment_status":"closed","ping_status":"closed","template":"pagetemplates\/page-privada-login.php","meta":{"_acf_changed":false,"inline_featured_image":false,"footnotes":""},"class_list":["post-1250","page","type-page","status-publish","hentry"],"acf":[],"yoast_head":"<!-- This site is optimized with the Yoast SEO plugin v24.2 - https:\/\/yoast.com\/wordpress\/plugins\/seo\/ -->\n<title>EREMU PRIBATUA\u00a0 - Echea<\/title>\n<meta name=\"robots\" content=\"index, follow, max-snippet:-1, max-image-preview:large, max-video-preview:-1\" \/>\n<link rel=\"canonical\" href=\"https:\/\/echea.eu\/eu\/accede-al-area-privada\/\" \/>\n<meta property=\"og:locale\" content=\"eu_ES\" \/>\n<meta property=\"og:type\" content=\"article\" \/>\n<meta property=\"og:title\" content=\"EREMU PRIBATUA\u00a0 - Echea\" \/>\n<meta property=\"og:description\" content=\"EREMU PRIBATUA Zergatik eremu pribatu bat&nbsp; Gure bezeroen pribatutasuna babesten dugu salmentak modu pribatuan kudeatuz; horregatik, salgai ditugun propietateak ez ditugu modu irekian argitaratzen. Nola sartu eremu pribatuan&nbsp; Espazio berezi bat eskuratzeko interesa baldin baduzu, konta iezaguzu zer ari zaren bilatzen, eta guk ahal dugun guztia egingo dugu zure igurikimenak gaindituko dituen higiezin bat eskaintzeko.&nbsp; [&hellip;]\" \/>\n<meta property=\"og:url\" content=\"https:\/\/echea.eu\/eu\/accede-al-area-privada\/\" \/>\n<meta property=\"og:site_name\" content=\"Echea\" \/>\n<meta property=\"article:modified_time\" content=\"2026-01-26T16:25:00+00:00\" \/>\n<meta name=\"twitter:card\" content=\"summary_large_image\" \/>\n<meta name=\"twitter:label1\" content=\"Est. reading time\" \/>\n\t<meta name=\"twitter:data1\" content=\"1 minute\" \/>\n<script type=\"application\/ld+json\" class=\"yoast-schema-graph\">{\"@context\":\"https:\/\/schema.org\",\"@graph\":[{\"@type\":\"WebPage\",\"@id\":\"https:\/\/echea.eu\/eu\/accede-al-area-privada\/\",\"url\":\"https:\/\/echea.eu\/eu\/accede-al-area-privada\/\",\"name\":\"EREMU PRIBATUA\u00a0 - Echea\",\"isPartOf\":{\"@id\":\"https:\/\/echea.eu\/en\/#website\"},\"datePublished\":\"2022-05-23T07:34:08+00:00\",\"dateModified\":\"2026-01-26T16:25:00+00:00\",\"breadcrumb\":{\"@id\":\"https:\/\/echea.eu\/eu\/accede-al-area-privada\/#breadcrumb\"},\"inLanguage\":\"eu-ES\",\"potentialAction\":[{\"@type\":\"ReadAction\",\"target\":[\"https:\/\/echea.eu\/eu\/accede-al-area-privada\/\"]}]},{\"@type\":\"BreadcrumbList\",\"@id\":\"https:\/\/echea.eu\/eu\/accede-al-area-privada\/#breadcrumb\",\"itemListElement\":[{\"@type\":\"ListItem\",\"position\":1,\"name\":\"Portada\",\"item\":\"https:\/\/echea.eu\/eu\/\"},{\"@type\":\"ListItem\",\"position\":2,\"name\":\"EREMU PRIBATUA\u00a0\"}]},{\"@type\":\"WebSite\",\"@id\":\"https:\/\/echea.eu\/en\/#website\",\"url\":\"https:\/\/echea.eu\/en\/\",\"name\":\"Echea\",\"description\":\"\",\"publisher\":{\"@id\":\"https:\/\/echea.eu\/en\/#organization\"},\"potentialAction\":[{\"@type\":\"SearchAction\",\"target\":{\"@type\":\"EntryPoint\",\"urlTemplate\":\"https:\/\/echea.eu\/en\/?s={search_term_string}\"},\"query-input\":{\"@type\":\"PropertyValueSpecification\",\"valueRequired\":true,\"valueName\":\"search_term_string\"}}],\"inLanguage\":\"eu-ES\"},{\"@type\":\"Organization\",\"@id\":\"https:\/\/echea.eu\/en\/#organization\",\"name\":\"Echea\",\"url\":\"https:\/\/echea.eu\/en\/\",\"logo\":{\"@type\":\"ImageObject\",\"inLanguage\":\"eu-ES\",\"@id\":\"https:\/\/echea.eu\/en\/#\/schema\/logo\/image\/\",\"url\":\"https:\/\/echea.eu\/wp-content\/uploads\/2022\/04\/logo.svg\",\"contentUrl\":\"https:\/\/echea.eu\/wp-content\/uploads\/2022\/04\/logo.svg\",\"width\":1,\"height\":1,\"caption\":\"Echea\"},\"image\":{\"@id\":\"https:\/\/echea.eu\/en\/#\/schema\/logo\/image\/\"},\"sameAs\":[\"https:\/\/www.instagram.com\/echea_\/\"]}]}<\/script>\n<!-- \/ Yoast SEO plugin. -->","yoast_head_json":{"title":"EREMU PRIBATUA\u00a0 - Echea","robots":{"index":"index","follow":"follow","max-snippet":"max-snippet:-1","max-image-preview":"max-image-preview:large","max-video-preview":"max-video-preview:-1"},"canonical":"https:\/\/echea.eu\/eu\/accede-al-area-privada\/","og_locale":"eu_ES","og_type":"article","og_title":"EREMU PRIBATUA\u00a0 - Echea","og_description":"EREMU PRIBATUA Zergatik eremu pribatu bat&nbsp; Gure bezeroen pribatutasuna babesten dugu salmentak modu pribatuan kudeatuz; horregatik, salgai ditugun propietateak ez ditugu modu irekian argitaratzen. Nola sartu eremu pribatuan&nbsp; Espazio berezi bat eskuratzeko interesa baldin baduzu, konta iezaguzu zer ari zaren bilatzen, eta guk ahal dugun guztia egingo dugu zure igurikimenak gaindituko dituen higiezin bat eskaintzeko.&nbsp; [&hellip;]","og_url":"https:\/\/echea.eu\/eu\/accede-al-area-privada\/","og_site_name":"Echea","article_modified_time":"2026-01-26T16:25:00+00:00","twitter_card":"summary_large_image","twitter_misc":{"Est. reading time":"1 minute"},"schema":{"@context":"https:\/\/schema.org","@graph":[{"@type":"WebPage","@id":"https:\/\/echea.eu\/eu\/accede-al-area-privada\/","url":"https:\/\/echea.eu\/eu\/accede-al-area-privada\/","name":"EREMU PRIBATUA\u00a0 - Echea","isPartOf":{"@id":"https:\/\/echea.eu\/en\/#website"},"datePublished":"2022-05-23T07:34:08+00:00","dateModified":"2026-01-26T16:25:00+00:00","breadcrumb":{"@id":"https:\/\/echea.eu\/eu\/accede-al-area-privada\/#breadcrumb"},"inLanguage":"eu-ES","potentialAction":[{"@type":"ReadAction","target":["https:\/\/echea.eu\/eu\/accede-al-area-privada\/"]}]},{"@type":"BreadcrumbList","@id":"https:\/\/echea.eu\/eu\/accede-al-area-privada\/#breadcrumb","itemListElement":[{"@type":"ListItem","position":1,"name":"Portada","item":"https:\/\/echea.eu\/eu\/"},{"@type":"ListItem","position":2,"name":"EREMU PRIBATUA\u00a0"}]},{"@type":"WebSite","@id":"https:\/\/echea.eu\/en\/#website","url":"https:\/\/echea.eu\/en\/","name":"Echea","description":"","publisher":{"@id":"https:\/\/echea.eu\/en\/#organization"},"potentialAction":[{"@type":"SearchAction","target":{"@type":"EntryPoint","urlTemplate":"https:\/\/echea.eu\/en\/?s={search_term_string}"},"query-input":{"@type":"PropertyValueSpecification","valueRequired":true,"valueName":"search_term_string"}}],"inLanguage":"eu-ES"},{"@type":"Organization","@id":"https:\/\/echea.eu\/en\/#organization","name":"Echea","url":"https:\/\/echea.eu\/en\/","logo":{"@type":"ImageObject","inLanguage":"eu-ES","@id":"https:\/\/echea.eu\/en\/#\/schema\/logo\/image\/","url":"https:\/\/echea.eu\/wp-content\/uploads\/2022\/04\/logo.svg","contentUrl":"https:\/\/echea.eu\/wp-content\/uploads\/2022\/04\/logo.svg","width":1,"height":1,"caption":"Echea"},"image":{"@id":"https:\/\/echea.eu\/en\/#\/schema\/logo\/image\/"},"sameAs":["https:\/\/www.instagram.com\/echea_\/"]}]}},"_links":{"self":[{"href":"https:\/\/echea.eu\/eu\/wp-json\/wp\/v2\/pages\/1250","targetHints":{"allow":["GET"]}}],"collection":[{"href":"https:\/\/echea.eu\/eu\/wp-json\/wp\/v2\/pages"}],"about":[{"href":"https:\/\/echea.eu\/eu\/wp-json\/wp\/v2\/types\/page"}],"author":[{"embeddable":true,"href":"https:\/\/echea.eu\/eu\/wp-json\/wp\/v2\/users\/1"}],"replies":[{"embeddable":true,"href":"https:\/\/echea.eu\/eu\/wp-json\/wp\/v2\/comments?post=1250"}],"version-history":[{"count":8,"href":"https:\/\/echea.eu\/eu\/wp-json\/wp\/v2\/pages\/1250\/revisions"}],"predecessor-version":[{"id":3261,"href":"https:\/\/echea.eu\/eu\/wp-json\/wp\/v2\/pages\/1250\/revisions\/3261"}],"wp:attachment":[{"href":"https:\/\/echea.eu\/eu\/wp-json\/wp\/v2\/media?parent=1250"}],"curies":[{"name":"wp","href":"https:\/\/api.w.org\/{rel}","templated":true}]}}